{"id":255,"date":"2020-04-26T11:46:12","date_gmt":"2020-04-26T11:46:12","guid":{"rendered":"http:\/\/italianlanguagefoundation.org\/web\/?page_id=255"},"modified":"2024-03-03T20:52:01","modified_gmt":"2024-03-04T01:52:01","slug":"media","status":"publish","type":"page","link":"https:\/\/italianlanguagefoundation.org\/web\/about\/media\/","title":{"rendered":"Media"},"content":{"rendered":"\t\t<div data-elementor-type=\"wp-page\" data-elementor-id=\"255\" class=\"elementor elementor-255\">\n\t\t\t\t\t\t<section class=\"elementor-section elementor-top-section elementor-element elementor-element-dcf5612 elementor-section-boxed elementor-section-height-default elementor-section-height-default\" data-id=\"dcf5612\" data-element_type=\"section\">\n\t\t\t\t\t\t<div class=\"elementor-container elementor-column-gap-default\">\n\t\t\t\t\t<div class=\"elementor-column elementor-col-100 elementor-top-column elementor-element elementor-element-a78273e\" data-id=\"a78273e\" data-element_type=\"column\">\n\t\t\t<div class=\"elementor-widget-wrap elementor-element-populated\">\n\t\t\t\t\t\t<div class=\"elementor-element elementor-element-758cba1 elementor-widget elementor-widget-heading\" data-id=\"758cba1\" data-element_type=\"widget\" data-widget_type=\"heading.default\">\n\t\t\t\t<div class=\"elementor-widget-container\">\n\t\t\t<h1 class=\"elementor-heading-title elementor-size-default\">Media<\/h1>\t\t<\/div>\n\t\t\t\t<\/div>\n\t\t\t\t<section class=\"elementor-section elementor-inner-section elementor-element elementor-element-aac5f0f elementor-section-boxed elementor-section-height-default elementor-section-height-default\" data-id=\"aac5f0f\" data-element_type=\"section\">\n\t\t\t\t\t\t<div class=\"elementor-container elementor-column-gap-wider\">\n\t\t\t\t\t<div class=\"elementor-column elementor-col-50 elementor-inner-column elementor-element elementor-element-87ca06b\" data-id=\"87ca06b\" data-element_type=\"column\">\n\t\t\t<div class=\"elementor-widget-wrap elementor-element-populated\">\n\t\t\t\t\t\t<div class=\"elementor-element elementor-element-d7d5d8a elementor-widget elementor-widget-image\" data-id=\"d7d5d8a\" data-element_type=\"widget\" data-widget_type=\"image.default\">\n\t\t\t\t<div class=\"elementor-widget-container\">\n\t\t\t\t\t\t\t\t\t\t\t\t\t<img fetchpriority=\"high\" decoding=\"async\" width=\"768\" height=\"1024\" src=\"https:\/\/italianlanguagefoundation.org\/web\/wp-content\/uploads\/2020\/04\/Photo-by-Victor-Malyushev-on-Unsplash-768x1024.jpg\" class=\"attachment-large size-large wp-image-469\" alt=\"\" srcset=\"https:\/\/italianlanguagefoundation.org\/web\/wp-content\/uploads\/2020\/04\/Photo-by-Victor-Malyushev-on-Unsplash-768x1024.jpg 768w, https:\/\/italianlanguagefoundation.org\/web\/wp-content\/uploads\/2020\/04\/Photo-by-Victor-Malyushev-on-Unsplash-225x300.jpg 225w, https:\/\/italianlanguagefoundation.org\/web\/wp-content\/uploads\/2020\/04\/Photo-by-Victor-Malyushev-on-Unsplash-1152x1536.jpg 1152w, https:\/\/italianlanguagefoundation.org\/web\/wp-content\/uploads\/2020\/04\/Photo-by-Victor-Malyushev-on-Unsplash-1536x2048.jpg 1536w, https:\/\/italianlanguagefoundation.org\/web\/wp-content\/uploads\/2020\/04\/Photo-by-Victor-Malyushev-on-Unsplash-56x75.jpg 56w, https:\/\/italianlanguagefoundation.org\/web\/wp-content\/uploads\/2020\/04\/Photo-by-Victor-Malyushev-on-Unsplash-scaled.jpg 1920w\" sizes=\"(max-width: 768px) 100vw, 768px\" \/>\t\t\t\t\t\t\t\t\t\t\t\t\t<\/div>\n\t\t\t\t<\/div>\n\t\t\t\t\t<\/div>\n\t\t<\/div>\n\t\t\t\t<div class=\"elementor-column elementor-col-50 elementor-inner-column elementor-element elementor-element-00806a5\" data-id=\"00806a5\" data-element_type=\"column\">\n\t\t\t<div class=\"elementor-widget-wrap elementor-element-populated\">\n\t\t\t\t\t\t<div class=\"elementor-element elementor-element-b6abcd5 elementor-widget elementor-widget-heading\" data-id=\"b6abcd5\" data-element_type=\"widget\" data-widget_type=\"heading.default\">\n\t\t\t\t<div class=\"elementor-widget-container\">\n\t\t\t<h2 class=\"elementor-heading-title elementor-size-default\">For Press & Media Inquiries\n<\/h2>\t\t<\/div>\n\t\t\t\t<\/div>\n\t\t\t\t<div class=\"elementor-element elementor-element-c5ade6b elementor-widget elementor-widget-text-editor\" data-id=\"c5ade6b\" data-element_type=\"widget\" data-widget_type=\"text-editor.default\">\n\t\t\t\t<div class=\"elementor-widget-container\">\n\t\t\t\t\t\t\t<h4>United States<\/h4><p><strong>Email: <a href=\"mailto:info@italianlanguagefoundation.org\">info@italianlanguagefoundation.org<\/a><\/strong><br \/><br \/><\/p><h4>Italy<\/h4><p><strong>Dott. Domenico \u201cMimmo\u201d Ragozzino<\/strong><br \/>Press Contact &amp; Public Relations<\/p><p>\u00a0<\/p>\t\t\t\t\t\t<\/div>\n\t\t\t\t<\/div>\n\t\t\t\t\t<\/div>\n\t\t<\/div>\n\t\t\t\t\t<\/div>\n\t\t<\/section>\n\t\t\t\t\t<\/div>\n\t\t<\/div>\n\t\t\t\t\t<\/div>\n\t\t<\/section>\n\t\t\t\t<section class=\"elementor-section elementor-top-section elementor-element elementor-element-c10d476 elementor-section-boxed elementor-section-height-default elementor-section-height-default\" data-id=\"c10d476\" data-element_type=\"section\">\n\t\t\t\t\t\t<div class=\"elementor-container elementor-column-gap-default\">\n\t\t\t\t\t<div class=\"elementor-column elementor-col-100 elementor-top-column elementor-element elementor-element-50e2464\" data-id=\"50e2464\" data-element_type=\"column\">\n\t\t\t<div class=\"elementor-widget-wrap elementor-element-populated\">\n\t\t\t\t\t\t<div class=\"elementor-element elementor-element-c860cda elementor-widget elementor-widget-heading\" data-id=\"c860cda\" data-element_type=\"widget\" data-widget_type=\"heading.default\">\n\t\t\t\t<div class=\"elementor-widget-container\">\n\t\t\t<h2 class=\"elementor-heading-title elementor-size-large\">In the Media<\/h2>\t\t<\/div>\n\t\t\t\t<\/div>\n\t\t\t\t<div class=\"elementor-element elementor-element-967f348 elementor-widget elementor-widget-text-editor\" data-id=\"967f348\" data-element_type=\"widget\" data-widget_type=\"text-editor.default\">\n\t\t\t\t<div class=\"elementor-widget-container\">\n\t\t\t\t\t\t\t<h4 id=\"455e\" class=\"pw-post-title gr gs gt be gu gv gw gx gy gz ha hb hc hd he hf hg hh hi hj hk hl hm hn ho hp bj\" data-testid=\"storyTitle\"><span style=\"color: #2c6eb9;\"><a style=\"color: #2c6eb9;\" href=\"https:\/\/medium.com\/authority-magazine\/high-impact-philanthropy-margaret-i-cuomo-of-the-italian-language-foundation-on-how-to-leave-a-274efea514cf\">High Impact Philanthropy: Margaret I Cuomo Of The Italian Language Foundation On How To Leave A Lasting Legacy With A Successful &amp; Effective Nonprofit Organization<\/a><\/span> | Medium<\/h4><p class=\"pw-post-title gr gs gt be gu gv gw gx gy gz ha hb hc hd he hf hg hh hi hj hk hl hm hn ho hp bj\" data-testid=\"storyTitle\">Passion for the mission of the organization is essential. Offering my time and effort to host professional development for teachers of Italian has been a rewarding process. Teachers appreciate our dedication and our recognition of their professional commitment&#8230;<\/p>\t\t\t\t\t\t<\/div>\n\t\t\t\t<\/div>\n\t\t\t\t<div class=\"elementor-element elementor-element-b3c4b09 elementor-widget-divider--view-line elementor-widget elementor-widget-divider\" data-id=\"b3c4b09\" data-element_type=\"widget\" data-widget_type=\"divider.default\">\n\t\t\t\t<div class=\"elementor-widget-container\">\n\t\t\t\t\t<div class=\"elementor-divider\">\n\t\t\t<span class=\"elementor-divider-separator\">\n\t\t\t\t\t\t<\/span>\n\t\t<\/div>\n\t\t\t\t<\/div>\n\t\t\t\t<\/div>\n\t\t\t\t<div class=\"elementor-element elementor-element-6982d1f elementor-widget elementor-widget-heading\" data-id=\"6982d1f\" data-element_type=\"widget\" data-widget_type=\"heading.default\">\n\t\t\t\t<div class=\"elementor-widget-container\">\n\t\t\t<h2 class=\"elementor-heading-title elementor-size-default\">Latest Press Release\n<\/h2>\t\t<\/div>\n\t\t\t\t<\/div>\n\t\t\t\t<div class=\"elementor-element elementor-element-412e445 elementor-align-center elementor-widget elementor-widget-button\" data-id=\"412e445\" data-element_type=\"widget\" data-widget_type=\"button.default\">\n\t\t\t\t<div class=\"elementor-widget-container\">\n\t\t\t\t\t<div class=\"elementor-button-wrapper\">\n\t\t\t<a class=\"elementor-button elementor-button-link elementor-size-md\" href=\"\/programs\/press-release\/\">\n\t\t\t\t\t\t<span class=\"elementor-button-content-wrapper\">\n\t\t\t\t\t\t\t\t\t<span class=\"elementor-button-text\">View All<\/span>\n\t\t\t\t\t<\/span>\n\t\t\t\t\t<\/a>\n\t\t<\/div>\n\t\t\t\t<\/div>\n\t\t\t\t<\/div>\n\t\t\t\t\t<\/div>\n\t\t<\/div>\n\t\t\t\t\t<\/div>\n\t\t<\/section>\n\t\t\t\t<section class=\"elementor-section elementor-top-section elementor-element elementor-element-39caaf0 elementor-section-boxed elementor-section-height-default elementor-section-height-default\" data-id=\"39caaf0\" data-element_type=\"section\">\n\t\t\t\t\t\t<div class=\"elementor-container elementor-column-gap-default\">\n\t\t\t\t\t<div class=\"elementor-column elementor-col-100 elementor-top-column elementor-element elementor-element-f2f90cc\" data-id=\"f2f90cc\" data-element_type=\"column\">\n\t\t\t<div class=\"elementor-widget-wrap elementor-element-populated\">\n\t\t\t\t\t\t<div class=\"elementor-element elementor-element-02307d7 elementor-widget elementor-widget-heading\" data-id=\"02307d7\" data-element_type=\"widget\" data-widget_type=\"heading.default\">\n\t\t\t\t<div class=\"elementor-widget-container\">\n\t\t\t<h2 class=\"elementor-heading-title elementor-size-default\">Social Media<\/h2>\t\t<\/div>\n\t\t\t\t<\/div>\n\t\t\t\t<div class=\"elementor-element elementor-element-7ff951b e-grid-align-left elementor-shape-rounded elementor-grid-0 elementor-widget elementor-widget-social-icons\" data-id=\"7ff951b\" data-element_type=\"widget\" data-widget_type=\"social-icons.default\">\n\t\t\t\t<div class=\"elementor-widget-container\">\n\t\t\t\t\t<div class=\"elementor-social-icons-wrapper elementor-grid\">\n\t\t\t\t\t\t\t<span class=\"elementor-grid-item\">\n\t\t\t\t\t<a class=\"elementor-icon elementor-social-icon elementor-social-icon-facebook elementor-repeater-item-909dac9\" href=\"https:\/\/www.facebook.com\/ItalianLanguageFoundation\" target=\"_blank\">\n\t\t\t\t\t\t<span class=\"elementor-screen-only\">Facebook<\/span>\n\t\t\t\t\t\t<i class=\"fab fa-facebook\"><\/i>\t\t\t\t\t<\/a>\n\t\t\t\t<\/span>\n\t\t\t\t\t\t\t<span class=\"elementor-grid-item\">\n\t\t\t\t\t<a class=\"elementor-icon elementor-social-icon elementor-social-icon-twitter elementor-repeater-item-82f87cd\" href=\"https:\/\/twitter.com\/ILFparloItalian\" target=\"_blank\">\n\t\t\t\t\t\t<span class=\"elementor-screen-only\">Twitter<\/span>\n\t\t\t\t\t\t<i class=\"fab fa-twitter\"><\/i>\t\t\t\t\t<\/a>\n\t\t\t\t<\/span>\n\t\t\t\t\t\t\t<span class=\"elementor-grid-item\">\n\t\t\t\t\t<a class=\"elementor-icon elementor-social-icon elementor-social-icon-instagram elementor-repeater-item-a922941\" href=\"https:\/\/www.instagram.com\/italianlanguagefoundation\/\" target=\"_blank\">\n\t\t\t\t\t\t<span class=\"elementor-screen-only\">Instagram<\/span>\n\t\t\t\t\t\t<i class=\"fab fa-instagram\"><\/i>\t\t\t\t\t<\/a>\n\t\t\t\t<\/span>\n\t\t\t\t\t\t\t<span class=\"elementor-grid-item\">\n\t\t\t\t\t<a class=\"elementor-icon elementor-social-icon elementor-social-icon-pinterest elementor-repeater-item-6f06d0a\" href=\"https:\/\/www.pinterest.com\/ItalianLanguageFoundation\/\" target=\"_blank\">\n\t\t\t\t\t\t<span class=\"elementor-screen-only\">Pinterest<\/span>\n\t\t\t\t\t\t<i class=\"fab fa-pinterest\"><\/i>\t\t\t\t\t<\/a>\n\t\t\t\t<\/span>\n\t\t\t\t\t\t\t<span class=\"elementor-grid-item\">\n\t\t\t\t\t<a class=\"elementor-icon elementor-social-icon elementor-social-icon-linkedin elementor-repeater-item-eb89029\" href=\"https:\/\/www.linkedin.com\/company\/italianlanguagefoundation\" target=\"_blank\">\n\t\t\t\t\t\t<span class=\"elementor-screen-only\">Linkedin<\/span>\n\t\t\t\t\t\t<i class=\"fab fa-linkedin\"><\/i>\t\t\t\t\t<\/a>\n\t\t\t\t<\/span>\n\t\t\t\t\t\t\t<span class=\"elementor-grid-item\">\n\t\t\t\t\t<a class=\"elementor-icon elementor-social-icon elementor-social-icon-youtube elementor-repeater-item-3866425\" href=\"https:\/\/www.youtube.com\/channel\/UCvcHYLLK80Hbm_ZryiO5MoA\" target=\"_blank\">\n\t\t\t\t\t\t<span class=\"elementor-screen-only\">Youtube<\/span>\n\t\t\t\t\t\t<i class=\"fab fa-youtube\"><\/i>\t\t\t\t\t<\/a>\n\t\t\t\t<\/span>\n\t\t\t\t\t<\/div>\n\t\t\t\t<\/div>\n\t\t\t\t<\/div>\n\t\t\t\t\t<\/div>\n\t\t<\/div>\n\t\t\t\t\t<\/div>\n\t\t<\/section>\n\t\t\t\t<section class=\"elementor-section elementor-top-section elementor-element elementor-element-763ff27 elementor-section-boxed elementor-section-height-default elementor-section-height-default\" data-id=\"763ff27\" data-element_type=\"section\">\n\t\t\t\t\t\t<div class=\"elementor-container elementor-column-gap-default\">\n\t\t\t\t\t<div class=\"elementor-column elementor-col-100 elementor-top-column elementor-element elementor-element-683247c\" data-id=\"683247c\" data-element_type=\"column\">\n\t\t\t<div class=\"elementor-widget-wrap elementor-element-populated\">\n\t\t\t\t\t\t<div class=\"elementor-element elementor-element-40384c1 elementor-widget elementor-widget-heading\" data-id=\"40384c1\" data-element_type=\"widget\" data-widget_type=\"heading.default\">\n\t\t\t\t<div class=\"elementor-widget-container\">\n\t\t\t<h2 class=\"elementor-heading-title elementor-size-default\">Gallery<\/h2>\t\t<\/div>\n\t\t\t\t<\/div>\n\t\t\t\t<div class=\"elementor-element elementor-element-5306cfc elementor-widget elementor-widget-wp-widget-featured-post\" data-id=\"5306cfc\" data-element_type=\"widget\" data-widget_type=\"wp-widget-featured-post.default\">\n\t\t\t\t<div class=\"elementor-widget-container\">\n\t\t\t<article class=\"post-19755 post type-post status-publish format-standard has-post-thumbnail category-blog entry\" aria-label=\"A Short Journey Through Italian Jewish history\"><a href=\"https:\/\/italianlanguagefoundation.org\/web\/a-short-journey-through-italian-jewish-history\/\" class=\"alignnone\" aria-hidden=\"true\" tabindex=\"-1\"><img decoding=\"async\" width=\"225\" height=\"300\" src=\"https:\/\/italianlanguagefoundation.org\/web\/wp-content\/uploads\/2026\/03\/chrome_K6lImPiTgc-225x300.png\" class=\"entry-image attachment-post\" alt=\"\" itemprop=\"image\" srcset=\"https:\/\/italianlanguagefoundation.org\/web\/wp-content\/uploads\/2026\/03\/chrome_K6lImPiTgc-225x300.png 225w, https:\/\/italianlanguagefoundation.org\/web\/wp-content\/uploads\/2026\/03\/chrome_K6lImPiTgc-18x24.png 18w, https:\/\/italianlanguagefoundation.org\/web\/wp-content\/uploads\/2026\/03\/chrome_K6lImPiTgc-27x36.png 27w, https:\/\/italianlanguagefoundation.org\/web\/wp-content\/uploads\/2026\/03\/chrome_K6lImPiTgc-36x48.png 36w, https:\/\/italianlanguagefoundation.org\/web\/wp-content\/uploads\/2026\/03\/chrome_K6lImPiTgc.png 466w\" sizes=\"(max-width: 225px) 100vw, 225px\" \/><\/a><header class=\"entry-header\"><h2 class=\"entry-title\" itemprop=\"headline\"><a href=\"https:\/\/italianlanguagefoundation.org\/web\/a-short-journey-through-italian-jewish-history\/\">A Short Journey Through Italian Jewish history<\/a><\/h2><\/header><\/article><article class=\"post-19764 post type-post status-publish format-standard has-post-thumbnail category-blog category-italian-translation entry\" aria-label=\"Breve Viaggio Nella Storia Ebraica Italiana\"><a href=\"https:\/\/italianlanguagefoundation.org\/web\/breve-viaggio-nella-storia-ebraica-italiana\/\" class=\"alignnone\" aria-hidden=\"true\" tabindex=\"-1\"><img decoding=\"async\" width=\"225\" height=\"300\" src=\"https:\/\/italianlanguagefoundation.org\/web\/wp-content\/uploads\/2026\/03\/chrome_K6lImPiTgc-225x300.png\" class=\"entry-image attachment-post\" alt=\"\" itemprop=\"image\" srcset=\"https:\/\/italianlanguagefoundation.org\/web\/wp-content\/uploads\/2026\/03\/chrome_K6lImPiTgc-225x300.png 225w, https:\/\/italianlanguagefoundation.org\/web\/wp-content\/uploads\/2026\/03\/chrome_K6lImPiTgc-18x24.png 18w, https:\/\/italianlanguagefoundation.org\/web\/wp-content\/uploads\/2026\/03\/chrome_K6lImPiTgc-27x36.png 27w, https:\/\/italianlanguagefoundation.org\/web\/wp-content\/uploads\/2026\/03\/chrome_K6lImPiTgc-36x48.png 36w, https:\/\/italianlanguagefoundation.org\/web\/wp-content\/uploads\/2026\/03\/chrome_K6lImPiTgc.png 466w\" sizes=\"(max-width: 225px) 100vw, 225px\" \/><\/a><header class=\"entry-header\"><h2 class=\"entry-title\" itemprop=\"headline\"><a href=\"https:\/\/italianlanguagefoundation.org\/web\/breve-viaggio-nella-storia-ebraica-italiana\/\">Breve Viaggio Nella Storia Ebraica Italiana<\/a><\/h2><\/header><\/article><article class=\"post-19644 post type-post status-publish format-standard has-post-thumbnail category-blog category-italian-translation entry\" aria-label=\"Perch\u00e9 il calcio in Italia \u00e8 molto pi\u00f9 di un semplice sport\"><a href=\"https:\/\/italianlanguagefoundation.org\/web\/perche-il-calcio-in-italia-e-molto-piu-di-un-semplice-sport\/\" class=\"alignnone\" aria-hidden=\"true\" tabindex=\"-1\"><img decoding=\"async\" width=\"300\" height=\"200\" src=\"https:\/\/italianlanguagefoundation.org\/web\/wp-content\/uploads\/2026\/03\/Calcio-di-strada-palermo-unsplash-630x420-1-300x200.jpg\" class=\"entry-image attachment-post\" alt=\"\" itemprop=\"image\" srcset=\"https:\/\/italianlanguagefoundation.org\/web\/wp-content\/uploads\/2026\/03\/Calcio-di-strada-palermo-unsplash-630x420-1-300x200.jpg 300w, https:\/\/italianlanguagefoundation.org\/web\/wp-content\/uploads\/2026\/03\/Calcio-di-strada-palermo-unsplash-630x420-1-24x16.jpg 24w, https:\/\/italianlanguagefoundation.org\/web\/wp-content\/uploads\/2026\/03\/Calcio-di-strada-palermo-unsplash-630x420-1-36x24.jpg 36w, https:\/\/italianlanguagefoundation.org\/web\/wp-content\/uploads\/2026\/03\/Calcio-di-strada-palermo-unsplash-630x420-1-48x32.jpg 48w, https:\/\/italianlanguagefoundation.org\/web\/wp-content\/uploads\/2026\/03\/Calcio-di-strada-palermo-unsplash-630x420-1.jpg 630w\" sizes=\"(max-width: 300px) 100vw, 300px\" \/><\/a><header class=\"entry-header\"><h2 class=\"entry-title\" itemprop=\"headline\"><a href=\"https:\/\/italianlanguagefoundation.org\/web\/perche-il-calcio-in-italia-e-molto-piu-di-un-semplice-sport\/\">Perch\u00e9 il calcio in Italia \u00e8 molto pi\u00f9 di un semplice sport<\/a><\/h2><\/header><\/article><article class=\"post-19637 post type-post status-publish format-standard has-post-thumbnail category-blog entry\" aria-label=\"Why soccer in Italy is more than a game\"><a href=\"https:\/\/italianlanguagefoundation.org\/web\/why-soccer-in-italy-is-more-than-a-game\/\" class=\"alignnone\" aria-hidden=\"true\" tabindex=\"-1\"><img decoding=\"async\" width=\"300\" height=\"200\" src=\"https:\/\/italianlanguagefoundation.org\/web\/wp-content\/uploads\/2026\/03\/Calcio-di-strada-palermo-unsplash-630x420-1-300x200.jpg\" class=\"entry-image attachment-post\" alt=\"\" itemprop=\"image\" srcset=\"https:\/\/italianlanguagefoundation.org\/web\/wp-content\/uploads\/2026\/03\/Calcio-di-strada-palermo-unsplash-630x420-1-300x200.jpg 300w, https:\/\/italianlanguagefoundation.org\/web\/wp-content\/uploads\/2026\/03\/Calcio-di-strada-palermo-unsplash-630x420-1-24x16.jpg 24w, https:\/\/italianlanguagefoundation.org\/web\/wp-content\/uploads\/2026\/03\/Calcio-di-strada-palermo-unsplash-630x420-1-36x24.jpg 36w, https:\/\/italianlanguagefoundation.org\/web\/wp-content\/uploads\/2026\/03\/Calcio-di-strada-palermo-unsplash-630x420-1-48x32.jpg 48w, https:\/\/italianlanguagefoundation.org\/web\/wp-content\/uploads\/2026\/03\/Calcio-di-strada-palermo-unsplash-630x420-1.jpg 630w\" sizes=\"(max-width: 300px) 100vw, 300px\" \/><\/a><header class=\"entry-header\"><h2 class=\"entry-title\" itemprop=\"headline\"><a href=\"https:\/\/italianlanguagefoundation.org\/web\/why-soccer-in-italy-is-more-than-a-game\/\">Why soccer in Italy is more than a game<\/a><\/h2><\/header><\/article>\t\t<\/div>\n\t\t\t\t<\/div>\n\t\t\t\t\t<\/div>\n\t\t<\/div>\n\t\t\t\t\t<\/div>\n\t\t<\/section>\n\t\t\t\t<section class=\"elementor-section elementor-top-section elementor-element elementor-element-12e2fd6 elementor-section-boxed elementor-section-height-default elementor-section-height-default\" data-id=\"12e2fd6\" data-element_type=\"section\">\n\t\t\t\t\t\t<div class=\"elementor-container elementor-column-gap-default\">\n\t\t\t\t\t<div class=\"elementor-column elementor-col-100 elementor-top-column elementor-element elementor-element-b927a1f\" data-id=\"b927a1f\" data-element_type=\"column\">\n\t\t\t<div class=\"elementor-widget-wrap elementor-element-populated\">\n\t\t\t\t\t\t<div class=\"elementor-element elementor-element-413e2dd elementor-widget elementor-widget-heading\" data-id=\"413e2dd\" data-element_type=\"widget\" data-widget_type=\"heading.default\">\n\t\t\t\t<div class=\"elementor-widget-container\">\n\t\t\t<h2 class=\"elementor-heading-title elementor-size-default\">Photo & Video Credits\n<\/h2>\t\t<\/div>\n\t\t\t\t<\/div>\n\t\t\t\t<section class=\"elementor-section elementor-inner-section elementor-element elementor-element-efb1dd7 elementor-section-boxed elementor-section-height-default elementor-section-height-default\" data-id=\"efb1dd7\" data-element_type=\"section\">\n\t\t\t\t\t\t<div class=\"elementor-container elementor-column-gap-default\">\n\t\t\t\t\t<div class=\"elementor-column elementor-col-33 elementor-inner-column elementor-element elementor-element-ff5a28a\" data-id=\"ff5a28a\" data-element_type=\"column\">\n\t\t\t<div class=\"elementor-widget-wrap elementor-element-populated\">\n\t\t\t\t\t\t<div class=\"elementor-element elementor-element-9ffb8c8 elementor-widget elementor-widget-text-editor\" data-id=\"9ffb8c8\" data-element_type=\"widget\" data-widget_type=\"text-editor.default\">\n\t\t\t\t<div class=\"elementor-widget-container\">\n\t\t\t\t\t\t\t<p>Michele Bitetto<br \/>Max Bohme<br \/>Emilie Crssrd<br \/>Emma Fabbri<\/p>\t\t\t\t\t\t<\/div>\n\t\t\t\t<\/div>\n\t\t\t\t\t<\/div>\n\t\t<\/div>\n\t\t\t\t<div class=\"elementor-column elementor-col-33 elementor-inner-column elementor-element elementor-element-d0abd18\" data-id=\"d0abd18\" data-element_type=\"column\">\n\t\t\t<div class=\"elementor-widget-wrap elementor-element-populated\">\n\t\t\t\t\t\t<div class=\"elementor-element elementor-element-7ebbcfd elementor-widget elementor-widget-text-editor\" data-id=\"7ebbcfd\" data-element_type=\"widget\" data-widget_type=\"text-editor.default\">\n\t\t\t\t<div class=\"elementor-widget-container\">\n\t\t\t\t\t\t\t<p>Fran Innocenti<br \/>Bob Jansen<br \/>Victor Malyushev<br \/>Thom Masat<\/p>\t\t\t\t\t\t<\/div>\n\t\t\t\t<\/div>\n\t\t\t\t\t<\/div>\n\t\t<\/div>\n\t\t\t\t<div class=\"elementor-column elementor-col-33 elementor-inner-column elementor-element elementor-element-0b61cc4\" data-id=\"0b61cc4\" data-element_type=\"column\">\n\t\t\t<div class=\"elementor-widget-wrap elementor-element-populated\">\n\t\t\t\t\t\t<div class=\"elementor-element elementor-element-73cd8b2 elementor-widget elementor-widget-text-editor\" data-id=\"73cd8b2\" data-element_type=\"widget\" data-widget_type=\"text-editor.default\">\n\t\t\t\t<div class=\"elementor-widget-container\">\n\t\t\t\t\t\t\t<p>Dan Novac<br \/>Sergei Wing<br \/>Orange83<\/p>\t\t\t\t\t\t<\/div>\n\t\t\t\t<\/div>\n\t\t\t\t\t<\/div>\n\t\t<\/div>\n\t\t\t\t\t<\/div>\n\t\t<\/section>\n\t\t\t\t\t<\/div>\n\t\t<\/div>\n\t\t\t\t\t<\/div>\n\t\t<\/section>\n\t\t\t\t<\/div>\n\t\t","protected":false},"excerpt":{"rendered":"<p>Media For Press &#038; Media Inquiries United States Email: info@italianlanguagefoundation.org Italy Dott. Domenico \u201cMimmo\u201d RagozzinoPress Contact &amp; Public Relations \u00a0 In the Media High Impact Philanthropy: Margaret I Cuomo Of&#8230;<a href=\"https:\/\/italianlanguagefoundation.org\/web\/why-soccer-in-italy-is-more-than-a-game\/\" class=\"more-link\" title=\"Read More\" >Read More <i class=\"fa fa-chevron-circle-right\" aria-hidden=\"true\"><\/i><\/a><\/p>\n","protected":false},"author":1,"featured_media":0,"parent":50,"menu_order":5,"comment_status":"closed","ping_status":"closed","template":"","meta":{"_coblocks_attr":"","_coblocks_dimensions":"","_coblocks_responsive_height":"","_coblocks_accordion_ie_support":"","_genesis_hide_title":true,"_genesis_hide_breadcrumbs":false,"_genesis_hide_singular_image":false,"_genesis_hide_footer_widgets":false,"_genesis_custom_body_class":"","_genesis_custom_post_class":"","_genesis_layout":"","footnotes":""},"_links":{"self":[{"href":"https:\/\/italianlanguagefoundation.org\/web\/wp-json\/wp\/v2\/pages\/255"}],"collection":[{"href":"https:\/\/italianlanguagefoundation.org\/web\/wp-json\/wp\/v2\/pages"}],"about":[{"href":"https:\/\/italianlanguagefoundation.org\/web\/wp-json\/wp\/v2\/types\/page"}],"author":[{"embeddable":true,"href":"https:\/\/italianlanguagefoundation.org\/web\/wp-json\/wp\/v2\/users\/1"}],"replies":[{"embeddable":true,"href":"https:\/\/italianlanguagefoundation.org\/web\/wp-json\/wp\/v2\/comments?post=255"}],"version-history":[{"count":41,"href":"https:\/\/italianlanguagefoundation.org\/web\/wp-json\/wp\/v2\/pages\/255\/revisions"}],"predecessor-version":[{"id":16051,"href":"https:\/\/italianlanguagefoundation.org\/web\/wp-json\/wp\/v2\/pages\/255\/revisions\/16051"}],"up":[{"embeddable":true,"href":"https:\/\/italianlanguagefoundation.org\/web\/wp-json\/wp\/v2\/pages\/50"}],"wp:attachment":[{"href":"https:\/\/italianlanguagefoundation.org\/web\/wp-json\/wp\/v2\/media?parent=255"}],"curies":[{"name":"wp","href":"https:\/\/api.w.org\/{rel}","templated":true}]}}